{"id":328,"date":"2020-01-13T11:17:52","date_gmt":"2020-01-13T11:17:52","guid":{"rendered":"https:\/\/demosites.io\/web-agency-gb\/?page_id=5"},"modified":"2025-10-31T21:12:37","modified_gmt":"2025-10-31T20:12:37","slug":"15c42-web-agency-gb-home","status":"publish","type":"page","link":"https:\/\/alebudka.pl\/","title":{"rendered":""},"content":{"rendered":"\n<div class=\"wp-block-cover alignfull is-light\" style=\"min-height:700px;aspect-ratio:unset;\"><span aria-hidden=\"true\" class=\"wp-block-cover__background has-background-dim-0 has-background-dim\"><\/span><div class=\"wp-block-cover__inner-container is-layout-flow wp-block-cover-is-layout-flow\">\n<div style=\"height:80px\" aria-hidden=\"true\" class=\"wp-block-spacer\"><\/div>\n\n\n\n<h1 class=\"wp-block-heading has-text-align-center has-text-color\" style=\"color:#121212\"><strong>AleBudka.pl \u2013 Atrakcje, kt\u00f3re U\u015bwietni\u0105 Twoj\u0105 Imprez\u0119!<\/strong><\/h1>\n\n\n\n<p>Planujesz wyj\u0105tkowe wydarzenie i chcesz, aby zapad\u0142o w pami\u0119\u0107 go\u015bci na d\u0142ugie lata? W <strong>AleBudka.pl<\/strong> znajdziesz szerok\u0105 gam\u0119 atrakcji, kt\u00f3re sprawi\u0105, \u017ce ka\u017cda impreza stanie si\u0119 niezapomniana!<\/p>\n\n\n\n<h4 class=\"wp-block-heading\"><strong>Nasza oferta:<\/strong><\/h4>\n\n\n\n<p>\u2728 <strong>Fotobudki:<\/strong><\/p>\n\n\n\n<ul class=\"wp-block-list\">\n<li><strong>Fotobudka 360<\/strong> \u2013 dynamiczne uj\u0119cia w ruchu, efekt WOW gwarantowany!<\/li>\n\n\n\n<li><strong>Fotobudka klasyczna<\/strong> \u2013 wysokiej jako\u015bci zdj\u0119cia z mn\u00f3stwem zabawnych gad\u017cet\u00f3w.<\/li>\n\n\n\n<li><strong>Fotobudka selfie<\/strong> \u2013 kompaktowa, nowoczesna i idealna na ka\u017cd\u0105 okazj\u0119.<\/li>\n\n\n\n<li><strong>Fotobudka retro<\/strong> &#8211; retro wygl\u0105d z nowoczesn\u0105 technologi\u0105 &#8211; natychmiastowy wydruk w wysokiej jako\u015bci.<\/li>\n<\/ul>\n\n\n\n<p>\ud83d\udd25 <strong>Efekty specjalne:<\/strong><\/p>\n\n\n\n<ul class=\"wp-block-list\">\n<li><strong>Ci\u0119\u017cki dym \/ taniec w chmurach<\/strong> \u2013 stw\u00f3rz bajkow\u0105 atmosfer\u0119 na pierwszy taniec.<\/li>\n\n\n\n<li><strong>Miny dymne \/ kolorowe wystrza\u0142y<\/strong> \u2013 efektowne wej\u015bcie lub wyj\u0105tkowe zdj\u0119cia plenerowe.<\/li>\n\n\n\n<li><strong>Fontanny iskier<\/strong> \u2013 widowiskowy efekt, kt\u00f3ry doda blasku ka\u017cdej chwili.<\/li>\n<\/ul>\n\n\n\n<p>\ud83d\udca1 <strong>Dodatkowe atrakcje:<\/strong><\/p>\n\n\n\n<ul class=\"wp-block-list\">\n<li><strong>Telefon \u017cycze\u0144<\/strong> \u2013 nagraj wyj\u0105tkowe wiadomo\u015bci od go\u015bci jako pami\u0105tk\u0119 na lata.<\/li>\n\n\n\n<li><strong>Napisy LOVE<\/strong> \u2013 pod\u015bwietlone dekoracje na zewn\u0105trz i wewn\u0105trz, kt\u00f3re dodadz\u0105 uroku.<\/li>\n\n\n\n<li><strong>Cyfra 18 LED<\/strong> \u2013 idealna na urodziny i inne jubileusze.<\/li>\n\n\n\n<li><strong>Wiatraki iskier<\/strong> \u2013 spektakularne efekty \u015bwietlne na ka\u017cd\u0105 okazj\u0119.<\/li>\n<\/ul>\n\n\n\n<p class=\"has-text-align-center\">Zapewniamy profesjonaln\u0105 obs\u0142ug\u0119, najwy\u017csz\u0105 jako\u015b\u0107 us\u0142ug i niepowtarzalne wspomnienia. <strong>Zarezerwuj termin ju\u017c dzi\u015b i spraw, by Twoja impreza by\u0142a jedyna w swoim rodzaju!<\/strong><\/p>\n\n\n\n<div class=\"wp-block-buttons is-horizontal is-content-justification-center is-layout-flex wp-container-core-buttons-is-layout-1 wp-block-buttons-is-layout-flex\">\n<div class=\"wp-block-button is-style-primary\"><a class=\"wp-block-button__link wp-element-button\" href=\"http:\/\/facebook.pl\/alebudkapl\" target=\"_blank\" rel=\"noreferrer noopener\">Facebook<\/a><\/div>\n\n\n\n<div class=\"wp-block-button is-style-secondary\"><a class=\"wp-block-button__link wp-element-button\" href=\"https:\/\/www.instagram.com\/alebudka.pl\/\" target=\"_blank\" rel=\"noreferrer noopener\">Instagram<\/a><\/div>\n<\/div>\n\n\n\n<div style=\"height:80px\" aria-hidden=\"true\" class=\"wp-block-spacer\"><\/div>\n<\/div><\/div>\n\n\n\n<div class=\"wp-block-columns is-layout-flex wp-container-core-columns-is-layout-1 wp-block-columns-is-layout-flex\">\n<div class=\"wp-block-column is-layout-flow wp-block-column-is-layout-flow\"><div class=\"wp-block-image icon-style is-style-rounded\">\n<figure class=\"aligncenter size-large\"><img decoding=\"async\" src=\"http:\/\/alebudka.pl\/wp-content\/uploads\/2020\/01\/neve-webdesign-GB-03.png\" alt=\"\" class=\"wp-image-20\" title=\"\"\/><\/figure><\/div>\n\n\n<div style=\"height:20px\" aria-hidden=\"true\" class=\"wp-block-spacer\"><\/div>\n\n\n\n<h3 class=\"wp-block-heading has-text-align-center has-neve-text-color-color has-text-color\">Sta\u0142a cena us\u0142ug<\/h3>\n\n\n\n<p class=\"has-text-align-center\">Nasza firma to lata do\u015bwiadczenia i setki udanych realizacji. Stawiamy na transparentno\u015b\u0107 &#8211; zawsze wiesz, ile zap\u0142acisz, bez ukrytych koszt\u00f3w.<\/p>\n\n\n\n<div style=\"height:20px\" aria-hidden=\"true\" class=\"wp-block-spacer\"><\/div>\n<\/div>\n\n\n\n<div class=\"wp-block-column is-layout-flow wp-block-column-is-layout-flow\"><div class=\"wp-block-image icon-style is-style-rounded\">\n<figure class=\"aligncenter size-large\"><img decoding=\"async\" src=\"http:\/\/alebudka.pl\/wp-content\/uploads\/2020\/01\/neve-webdesign-GB-04.png\" alt=\"\" class=\"wp-image-21\"\/><\/figure><\/div>\n\n\n<div style=\"height:20px\" aria-hidden=\"true\" class=\"wp-block-spacer\"><\/div>\n\n\n\n<h3 class=\"wp-block-heading has-text-align-center has-neve-text-color-color has-text-color\">Terminowa realizacja<\/h3>\n\n\n\n<p class=\"has-text-align-center\">Czas to klucz do sukcesu. Gwarantujemy terminow\u0105 realizacj\u0119 ka\u017cdego zlecenia, dbaj\u0105c o zadowolenie Klienta i najwy\u017csz\u0105 jako\u015b\u0107 us\u0142ug.<\/p>\n\n\n\n<div style=\"height:20px\" aria-hidden=\"true\" class=\"wp-block-spacer\"><\/div>\n<\/div>\n\n\n\n<div class=\"wp-block-column is-layout-flow wp-block-column-is-layout-flow\"><div class=\"wp-block-image icon-style is-style-rounded\">\n<figure class=\"aligncenter size-large\"><img decoding=\"async\" src=\"http:\/\/alebudka.pl\/wp-content\/uploads\/2020\/01\/neve-webdesign-GB-01.png\" alt=\"\" class=\"wp-image-18\"\/><\/figure><\/div>\n\n\n<div style=\"height:20px\" aria-hidden=\"true\" class=\"wp-block-spacer\"><\/div>\n\n\n\n<h3 class=\"wp-block-heading has-text-align-center has-neve-text-color-color has-text-color\">Do\u015bwiadczeni animatorzy<\/h3>\n\n\n\n<p class=\"has-text-align-center\">Dzia\u0142amy profesjonalnie i z pe\u0142nym zaanga\u017cowaniem. Ka\u017cde zlecenie traktujemy indywidualnie, dostosowuj\u0105c si\u0119 do potrzeb Klienta i zapewniaj\u0105c najwy\u017cszy standard obs\u0142ugi.<\/p>\n\n\n\n<div style=\"height:20px\" aria-hidden=\"true\" class=\"wp-block-spacer\"><\/div>\n<\/div>\n<\/div>\n\n\n\n<div style=\"height:80px\" aria-hidden=\"true\" class=\"wp-block-spacer\"><\/div>\n\n\n\n<div class=\"wp-block-cover alignfull\" style=\"min-height:600px;aspect-ratio:unset;\"><span aria-hidden=\"true\" class=\"wp-block-cover__background has-nv-light-bg-background-color has-background-dim-100 has-background-dim\"><\/span><div class=\"wp-block-cover__inner-container is-layout-flow wp-block-cover-is-layout-flow\">\n<div class=\"wp-block-group\"><div class=\"wp-block-group__inner-container is-layout-flow wp-block-group-is-layout-flow\">\n<div style=\"height:80px\" aria-hidden=\"true\" class=\"wp-block-spacer\"><\/div>\n\n\n\n<div class=\"wp-block-columns are-vertically-aligned-center is-layout-flex wp-container-core-columns-is-layout-2 wp-block-columns-is-layout-flex\">\n<div class=\"wp-block-column is-vertically-aligned-center is-layout-flow wp-block-column-is-layout-flow\" style=\"flex-basis:50%\">\n<figure class=\"wp-block-gallery has-nested-images columns-default is-cropped wp-block-gallery-1 is-layout-flex wp-block-gallery-is-layout-flex\">\n<figure class=\"wp-block-image size-full\"><img loading=\"lazy\" decoding=\"async\" width=\"960\" height=\"647\" src=\"http:\/\/alebudka.pl\/wp-content\/uploads\/2020\/02\/spot.jpg\" alt=\"\" class=\"wp-image-28\" srcset=\"https:\/\/alebudka.pl\/wp-content\/uploads\/2020\/02\/spot.jpg 960w, https:\/\/alebudka.pl\/wp-content\/uploads\/2020\/02\/spot-300x202.jpg 300w, https:\/\/alebudka.pl\/wp-content\/uploads\/2020\/02\/spot-768x518.jpg 768w\" sizes=\"auto, (max-width: 960px) 100vw, 960px\" \/><\/figure>\n<\/figure>\n<\/div>\n\n\n\n<div class=\"wp-block-column is-vertically-aligned-center is-layout-flow wp-block-column-is-layout-flow\" style=\"flex-basis:50%\">\n<div style=\"height:20px\" aria-hidden=\"true\" class=\"wp-block-spacer\"><\/div>\n\n\n\n<h2 class=\"wp-block-heading has-text-align-left has-neve-text-color-color has-text-color\">Twoje zadowolenie jest dla nas najwa\u017cniejsze !<\/h2>\n\n\n\n<p class=\"has-text-align-left has-neve-text-color-color has-text-color\" style=\"font-size:17px\">Dbamy o ka\u017cdy detal, aby spe\u0142ni\u0107 Twoje oczekiwania i dostarczy\u0107 niezapomniane wra\u017cenia. Zaufaj nam &#8211; tworzymy wyj\u0105tkowe chwile, kt\u00f3re pozostaj\u0105 w pami\u0119ci na d\u0142ugo!<\/p>\n\n\n\n<div class=\"wp-block-buttons is-horizontal is-content-justification-left is-layout-flex wp-container-core-buttons-is-layout-2 wp-block-buttons-is-layout-flex\"><\/div>\n<\/div>\n<\/div>\n\n\n\n<div style=\"height:40px\" aria-hidden=\"true\" class=\"wp-block-spacer\"><\/div>\n<\/div><\/div>\n<\/div><\/div>\n\n\n\n<div class=\"wp-block-cover alignfull\" style=\"min-height:600px;aspect-ratio:unset;\"><span aria-hidden=\"true\" class=\"wp-block-cover__background has-nv-site-bg-background-color has-background-dim-100 has-background-dim\"><\/span><div class=\"wp-block-cover__inner-container is-layout-flow wp-block-cover-is-layout-flow\">\n<div class=\"wp-block-group\"><div class=\"wp-block-group__inner-container is-layout-flow wp-block-group-is-layout-flow\">\n<div style=\"height:80px\" aria-hidden=\"true\" class=\"wp-block-spacer\"><\/div>\n\n\n\n<div class=\"wp-block-columns are-vertically-aligned-center is-layout-flex wp-container-core-columns-is-layout-4 wp-block-columns-is-layout-flex\">\n<div class=\"wp-block-column is-vertically-aligned-center is-layout-flow wp-block-column-is-layout-flow\" style=\"flex-basis:50%\">\n<p><\/p>\n\n\n\n<p><\/p>\n\n\n\n<p><\/p>\n\n\n\n<p><\/p>\n\n\n\n<p><\/p>\n\n\n\n<p><\/p>\n\n\n\n<p><\/p>\n\n\n\n<p><\/p>\n\n\n\n<p><\/p>\n\n\n\n<p><\/p>\n\n\n\n<p><\/p>\n\n\n\n<p><\/p>\n\n\n\n<p><\/p>\n\n\n\n<p><\/p>\n\n\n\n<p><\/p>\n\n\n\n<p><\/p>\n\n\n\n<h2 class=\"wp-block-heading has-text-align-left has-neve-text-color-color has-text-color\">Branding wideo &#8211; Twoja marka w centrum uwagi!<\/h2>\n\n\n\n<p class=\"has-text-align-left has-neve-text-color-color has-text-color\" style=\"font-size:17px\">Wyr\u00f3\u017cnij si\u0119 dzi\u0119ki kreatywnym nagraniom z naszej fotobudki! <\/p>\n\n\n\n<p class=\"has-text-align-left has-neve-text-color-color has-text-color\" style=\"font-size:17px\">Tw\u00f3rz unikalne rolki i kr\u00f3tkie filmy, kt\u00f3re nie tylko zapewniaj\u0105 \u015bwietn\u0105 zabaw\u0119, ale tak\u017ce stan\u0105 si\u0119 doskona\u0142ym narz\u0119dziem marketingowym. <\/p>\n\n\n\n<p class=\"has-text-align-left has-neve-text-color-color has-text-color\" style=\"font-size:17px\">Dzi\u0119ki dynamicznym uj\u0119ciom i efektom specjalnym. <\/p>\n\n\n\n<p class=\"has-text-align-left has-neve-text-color-color has-text-color\" style=\"font-size:17px\">Twoja marka mo\u017ce zaistnie\u0107 w mediach spo\u0142eczno\u015bciowych, przyci\u0105gaj\u0105c nowych Klient\u00f3w i buduj\u0105c rozpoznawalno\u015b\u0107.<\/p>\n\n\n\n<p>Postaw na branding wideo i poka\u017c nowoczesny spos\u00f3b!<\/p>\n\n\n\n<p>W naszej firmie branding masz zawsze w cenie us\u0142ugi &#8211; do\u015bwiadczony grafik zaproponuje odpowiednie rozwi\u0105zania dla Ciebie!<\/p>\n<\/div>\n\n\n\n<div class=\"wp-block-column is-vertically-aligned-center is-layout-flow wp-block-column-is-layout-flow\" style=\"flex-basis:50%\">\n<div class=\"wp-block-media-text is-stacked-on-mobile is-vertically-aligned-bottom\" style=\"grid-template-columns:46% auto\"><figure class=\"wp-block-media-text__media\"><video controls src=\"https:\/\/alebudka.pl\/wp-content\/uploads\/2025\/02\/20240601_165506030.mp4\"><\/video><\/figure><div class=\"wp-block-media-text__content\">\n<figure class=\"wp-block-video\"><video controls src=\"http:\/\/alebudka.pl\/wp-content\/uploads\/2025\/03\/20241231_2104449751.mp4\"><\/video><\/figure>\n<\/div><\/div>\n\n\n\n<div class=\"wp-block-columns is-layout-flex wp-container-core-columns-is-layout-3 wp-block-columns-is-layout-flex\">\n<div class=\"wp-block-column is-layout-flow wp-block-column-is-layout-flow\" style=\"flex-basis:50%\"><\/div>\n<\/div>\n<\/div>\n<\/div>\n\n\n\n<div style=\"height:40px\" aria-hidden=\"true\" class=\"wp-block-spacer\"><\/div>\n<\/div><\/div>\n<\/div><\/div>\n\n\n\n<div class=\"wp-block-cover alignfull\" style=\"min-height:600px;aspect-ratio:unset;\"><span aria-hidden=\"true\" class=\"wp-block-cover__background has-nv-dark-bg-background-color has-background-dim-100 has-background-dim\"><\/span><div class=\"wp-block-cover__inner-container is-layout-flow wp-block-cover-is-layout-flow\">\n<div class=\"wp-block-group\"><div class=\"wp-block-group__inner-container is-layout-flow wp-block-group-is-layout-flow\">\n<div style=\"height:80px\" aria-hidden=\"true\" class=\"wp-block-spacer\"><\/div>\n\n\n\n<div class=\"wp-block-columns are-vertically-aligned-center is-layout-flex wp-container-core-columns-is-layout-5 wp-block-columns-is-layout-flex\">\n<div class=\"wp-block-column is-vertically-aligned-center is-layout-flow wp-block-column-is-layout-flow\" style=\"flex-basis:50%\">\n<figure class=\"wp-block-image size-large\"><img loading=\"lazy\" decoding=\"async\" width=\"768\" height=\"1024\" src=\"https:\/\/alebudka.pl\/wp-content\/uploads\/2025\/02\/IMG_1275-768x1024.jpg\" alt=\"\" class=\"wp-image-365\" srcset=\"https:\/\/alebudka.pl\/wp-content\/uploads\/2025\/02\/IMG_1275-768x1024.jpg 768w, https:\/\/alebudka.pl\/wp-content\/uploads\/2025\/02\/IMG_1275-225x300.jpg 225w, https:\/\/alebudka.pl\/wp-content\/uploads\/2025\/02\/IMG_1275-1152x1536.jpg 1152w, https:\/\/alebudka.pl\/wp-content\/uploads\/2025\/02\/IMG_1275-1536x2048.jpg 1536w, https:\/\/alebudka.pl\/wp-content\/uploads\/2025\/02\/IMG_1275-scaled.jpg 1920w\" sizes=\"auto, (max-width: 768px) 100vw, 768px\" \/><\/figure>\n<\/div>\n\n\n\n<div class=\"wp-block-column is-vertically-aligned-center is-layout-flow wp-block-column-is-layout-flow\" style=\"flex-basis:50%\">\n<h2 class=\"wp-block-heading has-text-align-left has-nv-text-dark-bg-color has-text-color\">Nasze Warto\u015bci<\/h2>\n\n\n\n<p class=\"has-text-align-left has-nv-text-dark-bg-color has-text-color\" style=\"font-size:17px\"><strong>Profesjonalizm i Zaanga\u017cowanie<\/strong><\/p>\n\n\n\n<p class=\"has-text-align-left has-nv-text-dark-bg-color has-text-color\" style=\"font-size:17px\">Nasza firma to gwarancja najwy\u017cszej jako\u015bci us\u0142ug. Ka\u017cdy projekt realizujemy z pe\u0142nym profesjonalizmem i dba\u0142o\u015bci\u0105 o detale, zapewniaj\u0105c niezapomniane wra\u017cenia dla naszych klient\u00f3w.<\/p>\n\n\n\n<p class=\"has-nv-text-dark-bg-color has-text-color has-link-color wp-elements-4a3d36b8789eee52193d29f89f3f1e5a\"><strong>Kreatywno\u015b\u0107 i Nowoczesno\u015b\u0107<\/strong><\/p>\n\n\n\n<p class=\"has-nv-text-dark-bg-color has-text-color has-link-color wp-elements-cccc7e5abeb14138d17303348ee3bab7\">Nieustannie rozwijamy nasze us\u0142ugi, aby dostarcza\u0107 innowacyjne rozwi\u0105zania. Nasze fotobudki, w tym dynamiczna fotobudka 360, to doskona\u0142e po\u0142\u0105czenie nowoczesnej technologii z kreatywn\u0105 zabaw\u0105.<\/p>\n\n\n\n<p class=\"has-text-align-left has-nv-text-dark-bg-color has-text-color\" style=\"font-size:17px\"><strong>Zadowolenie Klienta na Pierwszym Miejscu<\/strong><\/p>\n\n\n\n<p class=\"has-text-align-left has-nv-text-dark-bg-color has-text-color\" style=\"font-size:17px\">Tworzymy wyj\u0105tkowe wspomnienia, dostosowuj\u0105c ofert\u0119 do indywidualnych potrzeb naszych klient\u00f3w. Naszym priorytetem jest Twoja satysfakcja i niezapomniana zabawa na ka\u017cdej imprezie.<\/p>\n<\/div>\n<\/div>\n\n\n\n<div style=\"height:50px\" aria-hidden=\"true\" class=\"wp-block-spacer\"><\/div>\n<\/div><\/div>\n<\/div><\/div>\n\n\n\n<div class=\"wp-block-cover alignfull\" style=\"min-height:420px;aspect-ratio:unset;\"><span aria-hidden=\"true\" class=\"wp-block-cover__background has-nv-light-bg-background-color has-background-dim-100 has-background-dim\"><\/span><div class=\"wp-block-cover__inner-container is-layout-flow wp-block-cover-is-layout-flow\">\n<div style=\"height:80px\" aria-hidden=\"true\" class=\"wp-block-spacer\"><\/div>\n\n\n\n<h2 id=\"wp-block-themeisle-blocks-advanced-heading-7a7a53d2\" class=\"wp-block-themeisle-blocks-advanced-heading wp-block-themeisle-blocks-advanced-heading-7a7a53d2\">                 Nasi animatorzy<\/h2>\n\n\n\n<div class=\"wp-block-columns is-layout-flex wp-container-core-columns-is-layout-6 wp-block-columns-is-layout-flex\">\n<div class=\"wp-block-column ticss-4ce656f1 is-layout-flow wp-block-column-is-layout-flow\"><div class=\"wp-block-image is-style-rounded\">\n<figure class=\"aligncenter size-large is-resized\"><img loading=\"lazy\" decoding=\"async\" width=\"1017\" height=\"1024\" src=\"https:\/\/alebudka.pl\/wp-content\/uploads\/2025\/02\/IMG_2641-1017x1024.jpg\" alt=\"\" class=\"wp-image-367\" style=\"aspect-ratio:1;width:238px;height:auto\" srcset=\"https:\/\/alebudka.pl\/wp-content\/uploads\/2025\/02\/IMG_2641-1017x1024.jpg 1017w, https:\/\/alebudka.pl\/wp-content\/uploads\/2025\/02\/IMG_2641-298x300.jpg 298w, https:\/\/alebudka.pl\/wp-content\/uploads\/2025\/02\/IMG_2641-150x150.jpg 150w, https:\/\/alebudka.pl\/wp-content\/uploads\/2025\/02\/IMG_2641-768x774.jpg 768w, https:\/\/alebudka.pl\/wp-content\/uploads\/2025\/02\/IMG_2641.jpg 1520w\" sizes=\"auto, (max-width: 1017px) 100vw, 1017px\" \/><\/figure><\/div>\n\n\n<div style=\"height:24px\" aria-hidden=\"true\" class=\"wp-block-spacer\"><\/div>\n\n\n\n<p class=\"has-text-align-center has-neve-text-color-color has-text-color\"><strong>Specjalista od Fotobudki klasycznej i 360<\/strong><\/p>\n\n\n\n<p class=\"has-text-align-center has-neve-text-color-color has-text-color\">Obs\u0142uga nowoczesnej technologii i efektowne uj\u0119cia to moja pasja. Dzi\u0119ki mnie Twoje filmy i zdj\u0119cia b\u0119d\u0105 wygl\u0105da\u0142y jak profesjonalne produkcje z Hollywood! Zawsze staram si\u0119 stworzy\u0107 swobodn\u0105 atmosfer\u0119, aby ka\u017cdy czu\u0142 si\u0119 komfortowo przed obiektywem.<\/p>\n\n\n\n<p class=\"has-text-align-center has-neve-text-color-color has-text-color\"><strong>ANIA<\/strong><\/p>\n\n\n\n<div style=\"height:20px\" aria-hidden=\"true\" class=\"wp-block-spacer\"><\/div>\n<\/div>\n\n\n\n<div class=\"wp-block-column ticss-f6fc7494 is-layout-flow wp-block-column-is-layout-flow\">\n<figure class=\"wp-block-gallery aligncenter has-nested-images columns-default is-cropped wp-block-gallery-2 is-layout-flex wp-block-gallery-is-layout-flex\">\n<figure class=\"wp-block-image size-large is-style-rounded\"><img loading=\"lazy\" decoding=\"async\" width=\"1024\" height=\"683\" src=\"https:\/\/alebudka.pl\/wp-content\/uploads\/2025\/10\/489030348_9893063917410641_6828150957143611895_n-1024x683.jpg\" alt=\"\" class=\"wp-image-431\" srcset=\"https:\/\/alebudka.pl\/wp-content\/uploads\/2025\/10\/489030348_9893063917410641_6828150957143611895_n-1024x683.jpg 1024w, https:\/\/alebudka.pl\/wp-content\/uploads\/2025\/10\/489030348_9893063917410641_6828150957143611895_n-300x200.jpg 300w, https:\/\/alebudka.pl\/wp-content\/uploads\/2025\/10\/489030348_9893063917410641_6828150957143611895_n-768x512.jpg 768w, https:\/\/alebudka.pl\/wp-content\/uploads\/2025\/10\/489030348_9893063917410641_6828150957143611895_n-1536x1024.jpg 1536w, https:\/\/alebudka.pl\/wp-content\/uploads\/2025\/10\/489030348_9893063917410641_6828150957143611895_n-930x620.jpg 930w, https:\/\/alebudka.pl\/wp-content\/uploads\/2025\/10\/489030348_9893063917410641_6828150957143611895_n.jpg 1920w\" sizes=\"auto, (max-width: 1024px) 100vw, 1024px\" \/><\/figure>\n<\/figure>\n\n\n\n<div style=\"height:24px\" aria-hidden=\"true\" class=\"wp-block-spacer\"><\/div>\n\n\n\n<p class=\"has-text-align-center has-neve-text-color-color has-text-color\"><strong>W\u0142a\u015bciciel i Dusza Imprezy<\/strong><\/p>\n\n\n\n<p class=\"has-text-align-center has-neve-text-color-color has-text-color\">Jestem za\u0142o\u017cycielem tej firmy i prawdziwym pasjonatem dobrej zabawy! Od lat dbam o to, by ka\u017cda impreza z naszymi atrakcjami by\u0142a nie tylko profesjonalnie zorganizowana, ale tak\u017ce pe\u0142na energii i wyj\u0105tkowych emocji. Moim celem jest dostarczanie niezapomnianych wspomnie\u0144 \u2013 zar\u00f3wno dla Ciebie, jak i Twoich go\u015bci!<\/p>\n\n\n\n<p class=\"has-text-align-center has-neve-text-color-color has-text-color\"><strong>\u0141UKASZ<\/strong><\/p>\n\n\n\n<div style=\"height:20px\" aria-hidden=\"true\" class=\"wp-block-spacer\"><\/div>\n<\/div>\n\n\n\n<div class=\"wp-block-column ticss-a5b4df29 is-layout-flow wp-block-column-is-layout-flow\"><div class=\"wp-block-image is-style-rounded\">\n<figure class=\"aligncenter size-full is-resized\"><img loading=\"lazy\" decoding=\"async\" width=\"427\" height=\"427\" src=\"https:\/\/alebudka.pl\/wp-content\/uploads\/2025\/02\/IMG_26421.jpg\" alt=\"\" class=\"wp-image-369\" style=\"width:246px;height:auto\" srcset=\"https:\/\/alebudka.pl\/wp-content\/uploads\/2025\/02\/IMG_26421.jpg 427w, https:\/\/alebudka.pl\/wp-content\/uploads\/2025\/02\/IMG_26421-300x300.jpg 300w, https:\/\/alebudka.pl\/wp-content\/uploads\/2025\/02\/IMG_26421-150x150.jpg 150w\" sizes=\"auto, (max-width: 427px) 100vw, 427px\" \/><\/figure><\/div>\n\n\n<div style=\"height:24px\" aria-hidden=\"true\" class=\"wp-block-spacer\"><\/div>\n\n\n\n<p class=\"has-text-align-center has-neve-text-color-color has-text-color\"><strong>Kreator Niezapomnianych Chwil<\/strong><\/p>\n\n\n\n<p class=\"has-text-align-center has-neve-text-color-color has-text-color\">Moja specjalno\u015b\u0107 to tworzenie klimatu, w kt\u00f3rym ka\u017cdy czuje si\u0119 swobodnie i dobrze bawi. Od pierwszych chwil potrafi\u0119 zarazi\u0107 pozytywn\u0105 energi\u0105 i sprawi\u0107, \u017ce nikt nie b\u0119dzie si\u0119 nudzi\u0142. Je\u015bli chcesz mie\u0107 niezapomniane wspomnienia z imprezy, ch\u0119tnie Ci w tym pomog\u0119!<\/p>\n\n\n\n<p class=\"has-text-align-center has-neve-text-color-color has-text-color\"><strong>PAWE\u0141<\/strong><\/p>\n\n\n\n<div style=\"height:20px\" aria-hidden=\"true\" class=\"wp-block-spacer\"><\/div>\n<\/div>\n<\/div>\n\n\n\n<div style=\"height:30px\" aria-hidden=\"true\" class=\"wp-block-spacer\"><\/div>\n<\/div><\/div>\n\n\n\n<div class=\"wp-block-cover alignfull\" style=\"min-height:300px;aspect-ratio:unset;\"><span aria-hidden=\"true\" class=\"wp-block-cover__background has-nv-dark-bg-background-color has-background-dim-100 has-background-dim\"><\/span><div class=\"wp-block-cover__inner-container is-layout-flow wp-block-cover-is-layout-flow\">\n<p><\/p>\n\n\n\n<p class=\"has-text-align-center\">Strona zosta\u0142a zaprojektowana przez firm\u0119 alebudka.pl <\/p>\n\n\n\n<p class=\"has-text-align-center\">Zakaz kopiowania tre\u015bci.<\/p>\n\n\n\n<div class=\"wp-block-buttons is-horizontal is-content-justification-center is-layout-flex wp-container-core-buttons-is-layout-3 wp-block-buttons-is-layout-flex\"><\/div>\n<\/div><\/div>\n","protected":false},"excerpt":{"rendered":"<p>Sta\u0142a cena us\u0142ug Nasza firma to lata do\u015bwiadczenia i setki udanych realizacji. Stawiamy na transparentno\u015b\u0107 &#8211; zawsze wiesz, ile zap\u0142acisz, bez ukrytych koszt\u00f3w. Terminowa realizacja Czas to klucz do sukcesu. Gwarantujemy terminow\u0105 realizacj\u0119 ka\u017cdego zlecenia, dbaj\u0105c o zadowolenie Klienta i najwy\u017csz\u0105 jako\u015b\u0107 us\u0142ug. Do\u015bwiadczeni animatorzy Dzia\u0142amy profesjonalnie i z pe\u0142nym zaanga\u017cowaniem. Ka\u017cde zlecenie traktujemy indywidualnie,&hellip;&nbsp;<a href=\"https:\/\/alebudka.pl\/\" rel=\"bookmark\">Dowiedz si\u0119 wi\u0119cej &raquo;<span class=\"screen-reader-text\"><\/span><\/a><\/p>\n","protected":false},"author":1,"featured_media":0,"parent":0,"menu_order":0,"comment_status":"closed","ping_status":"closed","template":"","meta":{"neve_meta_sidebar":"default","neve_meta_container":"default","neve_meta_enable_content_width":"on","neve_meta_content_width":100,"neve_meta_title_alignment":"","neve_meta_author_avatar":"","neve_post_elements_order":"","neve_meta_disable_header":"","neve_meta_disable_footer":"","neve_meta_disable_title":"on","_themeisle_gutenberg_block_has_review":false,"footnotes":""},"class_list":["post-328","page","type-page","status-publish","hentry"],"_links":{"self":[{"href":"https:\/\/alebudka.pl\/index.php?rest_route=\/wp\/v2\/pages\/328","targetHints":{"allow":["GET"]}}],"collection":[{"href":"https:\/\/alebudka.pl\/index.php?rest_route=\/wp\/v2\/pages"}],"about":[{"href":"https:\/\/alebudka.pl\/index.php?rest_route=\/wp\/v2\/types\/page"}],"author":[{"embeddable":true,"href":"https:\/\/alebudka.pl\/index.php?rest_route=\/wp\/v2\/users\/1"}],"replies":[{"embeddable":true,"href":"https:\/\/alebudka.pl\/index.php?rest_route=%2Fwp%2Fv2%2Fcomments&post=328"}],"version-history":[{"count":31,"href":"https:\/\/alebudka.pl\/index.php?rest_route=\/wp\/v2\/pages\/328\/revisions"}],"predecessor-version":[{"id":488,"href":"https:\/\/alebudka.pl\/index.php?rest_route=\/wp\/v2\/pages\/328\/revisions\/488"}],"wp:attachment":[{"href":"https:\/\/alebudka.pl\/index.php?rest_route=%2Fwp%2Fv2%2Fmedia&parent=328"}],"curies":[{"name":"wp","href":"https:\/\/api.w.org\/{rel}","templated":true}]}}